{"id":913,"date":"2020-08-19T23:25:57","date_gmt":"2020-08-20T03:25:57","guid":{"rendered":"https:\/\/www.pipepc.com\/blog\/?post_type=product&#038;p=913"},"modified":"2022-04-04T21:07:09","modified_gmt":"2022-04-05T01:07:09","slug":"protocolo-empresarial-e-imagen-corporativa","status":"publish","type":"product","link":"https:\/\/pipepc.com\/blog\/producto\/protocolo-empresarial-e-imagen-corporativa\/","title":{"rendered":"Protocolo Empresarial e Imagen Corporativa"},"content":{"rendered":"<p>4 M\u00f3dulos \/ Lecciones \u2013 Duraci\u00f3n 188 Minutos.<\/p>\n<hr class=\"wp-block-separator\" \/>\n<ul>\n<li>Introducci\u00f3n: Ceremonial, Protocolo, Etiqueta, Urbanidad, Cortes\u00eda<\/li>\n<li>Importancia del Protocolo en la empresa.<\/li>\n<li>Imagen: Proceso de Percepci\u00f3n. Axiomas de la imagen. Identidad. Reputaci\u00f3n. El sustento de la imagen. Diagrama de la imagen p\u00fablica. El impacto de la primera impresi\u00f3n. Comunicaci\u00f3n Corporal.<\/li>\n<li>Vestimenta Profesional \u2013 Uniforme.<\/li>\n<li>Esencia de la empresa.<\/li>\n<li>Manual del Protocolo.<\/li>\n<li>El modo de ser.<\/li>\n<li>Modo de actuar.<\/li>\n<li>Saludos y Presentaciones.<\/li>\n<li>El trato de usted y el tuteo<\/li>\n<li>Comunicaci\u00f3n y Atenci\u00f3n.<\/li>\n<li>Cortes\u00eda telef\u00f3nica.<\/li>\n<li>Tipos de P\u00fablicos.<\/li>\n<li>El arte de escuchar.<\/li>\n<li>Importancia del Trabajo en Equipo \u2013\u00a0\u00a0\u00a0Eventos Empresariales: Viajes de Incentivo \u2013 Congresos y Convenciones \u2013 Inauguraciones \u2013 Piedra Fundamental \u2013 Presentaci\u00f3n de Libro \u2013 Conferencia de Prensa \u2013 Lanzamientos \u2013 Strett Marketing \u2013 Flash Mob \u2013 Visitas guiadas \u2013 Vino de honor \u2013 Coctel \u2013 Desayuno de trabajo \u2013 Almuerzo de trabajo \u2013 Coffee Break.<\/li>\n<\/ul>\n<p class=\"has-text-align-center\">Instructora: Lic. Julia Redick. Directora del Primer Instituto Paraguayo de Estudios de Protocolo y Ceremonial. <img decoding=\"async\" class=\" wp-image-401 alignright\" src=\"https:\/\/www.pipepc.com\/blog\/wp-content\/uploads\/2020\/06\/Julia-Redick-300x300.png\" alt=\"\" width=\"223\" height=\"223\" srcset=\"https:\/\/pipepc.com\/blog\/wp-content\/uploads\/2020\/06\/Julia-Redick-300x300.png 300w, https:\/\/pipepc.com\/blog\/wp-content\/uploads\/2020\/06\/Julia-Redick-1024x1024.png 1024w, https:\/\/pipepc.com\/blog\/wp-content\/uploads\/2020\/06\/Julia-Redick-150x150.png 150w, https:\/\/pipepc.com\/blog\/wp-content\/uploads\/2020\/06\/Julia-Redick-768x768.png 768w, https:\/\/pipepc.com\/blog\/wp-content\/uploads\/2020\/06\/Julia-Redick-1536x1536.png 1536w, https:\/\/pipepc.com\/blog\/wp-content\/uploads\/2020\/06\/Julia-Redick-2048x2048.png 2048w, https:\/\/pipepc.com\/blog\/wp-content\/uploads\/2020\/06\/Julia-Redick-200x200.png 200w, https:\/\/pipepc.com\/blog\/wp-content\/uploads\/2020\/06\/Julia-Redick-100x100.png 100w, https:\/\/pipepc.com\/blog\/wp-content\/uploads\/2020\/06\/Julia-Redick-90x90.png 90w, https:\/\/pipepc.com\/blog\/wp-content\/uploads\/2020\/06\/Julia-Redick-20x20.png 20w, https:\/\/pipepc.com\/blog\/wp-content\/uploads\/2020\/06\/Julia-Redick-400x400.png 400w, https:\/\/pipepc.com\/blog\/wp-content\/uploads\/2020\/06\/Julia-Redick.png 747w\" sizes=\"(max-width: 223px) 100vw, 223px\" \/><\/p>\n","protected":false},"excerpt":{"rendered":"<p>El PIPEPC es un Instituto reconocido por el Ministerio de Educaci\u00f3n y Ciencias. Al culminar cualquiera de nuestros cursos Online te entregamos la certificaci\u00f3n del mismo, en un certificado f\u00edsico, no s\u00f3lo digital.<\/p>\n","protected":false},"featured_media":5395,"comment_status":"open","ping_status":"closed","template":"","meta":{"_eb_attr":""},"product_brand":[],"product_cat":[189],"product_tag":[207,208,206],"class_list":{"0":"post-913","1":"product","2":"type-product","3":"status-publish","4":"has-post-thumbnail","6":"product_cat-cursos-online-certificados","7":"product_tag-empresarial","8":"product_tag-manual-empresarial","9":"product_tag-protocolo","10":"post","12":"first","13":"instock","14":"virtual","15":"purchasable","16":"product-type-simple"},"_links":{"self":[{"href":"https:\/\/pipepc.com\/blog\/wp-json\/wp\/v2\/product\/913","targetHints":{"allow":["GET"]}}],"collection":[{"href":"https:\/\/pipepc.com\/blog\/wp-json\/wp\/v2\/product"}],"about":[{"href":"https:\/\/pipepc.com\/blog\/wp-json\/wp\/v2\/types\/product"}],"replies":[{"embeddable":true,"href":"https:\/\/pipepc.com\/blog\/wp-json\/wp\/v2\/comments?post=913"}],"wp:featuredmedia":[{"embeddable":true,"href":"https:\/\/pipepc.com\/blog\/wp-json\/wp\/v2\/media\/5395"}],"wp:attachment":[{"href":"https:\/\/pipepc.com\/blog\/wp-json\/wp\/v2\/media?parent=913"}],"wp:term":[{"taxonomy":"product_brand","embeddable":true,"href":"https:\/\/pipepc.com\/blog\/wp-json\/wp\/v2\/product_brand?post=913"},{"taxonomy":"product_cat","embeddable":true,"href":"https:\/\/pipepc.com\/blog\/wp-json\/wp\/v2\/product_cat?post=913"},{"taxonomy":"product_tag","embeddable":true,"href":"https:\/\/pipepc.com\/blog\/wp-json\/wp\/v2\/product_tag?post=913"}],"curies":[{"name":"wp","href":"https:\/\/api.w.org\/{rel}","templated":true}]}}