{"id":7756,"date":"2022-11-12T12:53:45","date_gmt":"2022-11-12T15:53:45","guid":{"rendered":"https:\/\/pipepc.com\/blog\/?post_type=product&#038;p=7756"},"modified":"2024-01-25T10:13:26","modified_gmt":"2024-01-25T13:13:26","slug":"7756","status":"publish","type":"product","link":"https:\/\/pipepc.com\/blog\/producto\/7756\/","title":{"rendered":"Ceremonial, Protocolo y Relaciones Institucionales. 300 Horas acad\u00e9micas."},"content":{"rendered":"","protected":false},"excerpt":{"rendered":"<p>La demanda de profesionales en Protocolo, Ceremonial y Relaciones P\u00fablicas es cada vez m\u00e1s grande tanto para los sectores p\u00fablicos como privados. \u00bfTe imaginas calificar para un cargo tan importante y de gran estatus como este?<\/p>\n<p>O bien aumentar tu nivel y competencia profesional, que cambiar\u00e1 tu vida para convertirte en esa persona, profesional independiente, capaz de corregir todo lo que se hace mal a nivel protocolar, ceremonial y de Relaciones Institucionales en nuestro pa\u00eds.<\/p>\n<p>Nosotros queremos brindarte las herramientas, todos los conocimientos pr\u00e1cticos y te\u00f3ricos para que puedas desempe\u00f1arte de manera exitosa en esta \u00e1rea. Todas las corporaciones p\u00fablicas y privadas buscan perfiles como el que queremos formar, para corregir el rumbo de sus marcas, de su comunicaci\u00f3n, y de su imagen Institucional. Esta es la oportunidad para que puedas subirte a este barco de posibilidades profesionales y laborales y te formes de verdad con el Primer Instituto Paraguayo de Estudios de Protocolo y Ceremonial, reconocido por el Ministerio de Educaci\u00f3n y Ciencias de la Rep\u00fablica del Paraguay desde 1994.<\/p>\n<p>Promesa principal:<strong>\u00a0En menos de 60 d\u00edas Convi\u00e9rtete en ese Profesional en Ceremonial, Protocolo y Relaciones Institucionales, que todas las entidades estatales y privadas buscan para proyectar una imagen de excelencia.<\/strong><\/p>\n","protected":false},"featured_media":12100,"comment_status":"open","ping_status":"closed","template":"","meta":{"_eb_attr":""},"product_brand":[],"product_cat":[189],"product_tag":[188,195,197,196],"class_list":{"0":"post-7756","1":"product","2":"type-product","3":"status-publish","4":"has-post-thumbnail","6":"product_cat-cursos-online-certificados","7":"product_tag-curso-online","8":"product_tag-organizacion-de-eventos","9":"product_tag-protocolo-empresarial","10":"product_tag-protocolo-oficial","11":"post","13":"first","14":"instock","15":"downloadable","16":"virtual","17":"purchasable","18":"product-type-simple"},"_links":{"self":[{"href":"https:\/\/pipepc.com\/blog\/wp-json\/wp\/v2\/product\/7756","targetHints":{"allow":["GET"]}}],"collection":[{"href":"https:\/\/pipepc.com\/blog\/wp-json\/wp\/v2\/product"}],"about":[{"href":"https:\/\/pipepc.com\/blog\/wp-json\/wp\/v2\/types\/product"}],"replies":[{"embeddable":true,"href":"https:\/\/pipepc.com\/blog\/wp-json\/wp\/v2\/comments?post=7756"}],"wp:featuredmedia":[{"embeddable":true,"href":"https:\/\/pipepc.com\/blog\/wp-json\/wp\/v2\/media\/12100"}],"wp:attachment":[{"href":"https:\/\/pipepc.com\/blog\/wp-json\/wp\/v2\/media?parent=7756"}],"wp:term":[{"taxonomy":"product_brand","embeddable":true,"href":"https:\/\/pipepc.com\/blog\/wp-json\/wp\/v2\/product_brand?post=7756"},{"taxonomy":"product_cat","embeddable":true,"href":"https:\/\/pipepc.com\/blog\/wp-json\/wp\/v2\/product_cat?post=7756"},{"taxonomy":"product_tag","embeddable":true,"href":"https:\/\/pipepc.com\/blog\/wp-json\/wp\/v2\/product_tag?post=7756"}],"curies":[{"name":"wp","href":"https:\/\/api.w.org\/{rel}","templated":true}]}}