{"id":664,"date":"2020-07-20T20:32:28","date_gmt":"2020-07-21T00:32:28","guid":{"rendered":"https:\/\/www.pipepc.com\/blog\/?post_type=product&#038;p=664"},"modified":"2024-10-12T21:36:25","modified_gmt":"2024-10-13T00:36:25","slug":"organizacion-de-eventos","status":"publish","type":"product","link":"https:\/\/pipepc.com\/blog\/producto\/organizacion-de-eventos\/","title":{"rendered":"Introducci\u00f3n a la Organizaci\u00f3n de Eventos"},"content":{"rendered":"<section class=\"entry fix\">Curso Online con Certificaci\u00f3n \u2013 3 M\u00f3dulos extensos \u2013 4 Horas acad\u00e9micas aprox.\u2705 Temario:<br \/>\n\u00bfQu\u00e9 es un evento?<br \/>\nMotivos para organizar<br \/>\nProtocolo de los cinco sentidos \u2013 Tri\u00e1ngulo de la Diana organizativa<br \/>\nClasificaci\u00f3n de Eventos: Empresariales, Sociales y Culturales<br \/>\nUbicaci\u00f3n Protocolar de Autoridades<br \/>\nProveedores involucrados<br \/>\nInvitaciones \u2013 Tipos<br \/>\nEtapas para la realizaci\u00f3n de eventos: Planificaci\u00f3n, Organizaci\u00f3n, Ejecuci\u00f3n y Evaluaci\u00f3n<br \/>\nPuntos importantes a tener en cuenta<br \/>\nDeberes y Obligaciones del Anfitri\u00f3n<br \/>\nPerfil del organizador<br \/>\nModelo Check list<br \/>\nDiferentes Eventos<\/section>\n<header>\n<h2>Lecciones<\/h2>\n<\/header>\n<section class=\"course-lessons\">\n<article class=\"post-196 lesson type-lesson status-publish has-post-thumbnail hentry post\">\n<header class=\"lesson-title\">\n<h2><a title=\"Comenzar M\u00f3dulo 1 Organizaci\u00f3n de Eventos\" href=\"https:\/\/www.pipepc.com\/blog\/leccion\/modulo-1-organizacion-de-eventos\/\">M\u00f3dulo 1 Organizaci\u00f3n de Eventos<\/a><\/h2>\n<p class=\"lesson-meta\"><span class=\"lesson-length\">Duraci\u00f3n: 47 minutos<\/span><span class=\"lesson-complexity\">Complejidad: Media<\/span><span class=\"lesson-status in-progress\">En progreso<\/span><\/p>\n<\/header>\n<section class=\"entry\">\u00a0<\/section>\n<\/article>\n<article class=\"post-200 lesson type-lesson status-publish has-post-thumbnail hentry post\">\n<header class=\"lesson-title\">\n<h2><a title=\"Comenzar M\u00f3dulo 2 Organizaci\u00f3n de Eventos\" href=\"https:\/\/www.pipepc.com\/blog\/leccion\/modulo-2-organizacion-de-eventos\/\">M\u00f3dulo 2 Organizaci\u00f3n de Eventos<\/a><\/h2>\n<p class=\"lesson-meta\"><span class=\"lesson-length\">Duraci\u00f3n: 46 minutos<\/span><span class=\"lesson-complexity\">Complejidad: Media<\/span><span class=\"lesson-status in-progress\">En progreso<\/span><\/p>\n<\/header>\n<section class=\"entry\">\u00a0<\/section>\n<\/article>\n<article class=\"post-208 lesson type-lesson status-publish hentry post\">\n<header class=\"lesson-title\">\n<h2><a title=\"Comenzar M\u00f3dulo 3 Organizaci\u00f3n de Eventos\" href=\"https:\/\/www.pipepc.com\/blog\/leccion\/modulo-3-organizacion-de-eventos\/\">M\u00f3dulo 3 Organizaci\u00f3n de Eventos<\/a><\/h2>\n<p class=\"lesson-meta\"><span class=\"lesson-length\">Duraci\u00f3n: 49 minutos<\/span><span class=\"lesson-complexity\">Complejidad: Media<\/span><span class=\"lesson-status in-progress\">En progreso<\/span><\/p>\n<\/header>\n<section class=\"entry\">\u00a0<\/section>\n<\/article>\n<\/section>\n","protected":false},"excerpt":{"rendered":"<p>Curso Online con Certificaci\u00f3n \u2013 3 M\u00f3dulos extensos \u2013 4 Horas acad\u00e9micas aprox.<\/p>\n","protected":false},"featured_media":5109,"comment_status":"open","ping_status":"closed","template":"","meta":{"_eb_attr":""},"product_brand":[],"product_cat":[189],"product_tag":[188,195],"class_list":{"0":"post-664","1":"product","2":"type-product","3":"status-publish","4":"has-post-thumbnail","6":"product_cat-cursos-online-certificados","7":"product_tag-curso-online","8":"product_tag-organizacion-de-eventos","9":"post","11":"first","12":"instock","13":"sale","14":"virtual","15":"purchasable","16":"product-type-simple"},"_links":{"self":[{"href":"https:\/\/pipepc.com\/blog\/wp-json\/wp\/v2\/product\/664","targetHints":{"allow":["GET"]}}],"collection":[{"href":"https:\/\/pipepc.com\/blog\/wp-json\/wp\/v2\/product"}],"about":[{"href":"https:\/\/pipepc.com\/blog\/wp-json\/wp\/v2\/types\/product"}],"replies":[{"embeddable":true,"href":"https:\/\/pipepc.com\/blog\/wp-json\/wp\/v2\/comments?post=664"}],"wp:featuredmedia":[{"embeddable":true,"href":"https:\/\/pipepc.com\/blog\/wp-json\/wp\/v2\/media\/5109"}],"wp:attachment":[{"href":"https:\/\/pipepc.com\/blog\/wp-json\/wp\/v2\/media?parent=664"}],"wp:term":[{"taxonomy":"product_brand","embeddable":true,"href":"https:\/\/pipepc.com\/blog\/wp-json\/wp\/v2\/product_brand?post=664"},{"taxonomy":"product_cat","embeddable":true,"href":"https:\/\/pipepc.com\/blog\/wp-json\/wp\/v2\/product_cat?post=664"},{"taxonomy":"product_tag","embeddable":true,"href":"https:\/\/pipepc.com\/blog\/wp-json\/wp\/v2\/product_tag?post=664"}],"curies":[{"name":"wp","href":"https:\/\/api.w.org\/{rel}","templated":true}]}}