{"id":655,"date":"2020-07-20T19:52:35","date_gmt":"2020-07-20T23:52:35","guid":{"rendered":"https:\/\/www.pipepc.com\/blog\/?post_type=product&#038;p=655"},"modified":"2021-05-24T05:06:11","modified_gmt":"2021-05-24T09:06:11","slug":"curso-como-vender-mucho-con-facebook-ads","status":"publish","type":"product","link":"https:\/\/pipepc.com\/blog\/producto\/curso-como-vender-mucho-con-facebook-ads\/","title":{"rendered":"Curso Como vender mucho con Facebook Ads."},"content":{"rendered":"<p>Te ense\u00f1amos a\u00a0<strong>vender a gran escala<\/strong>, gestionando de manera\u00a0<strong>profesional<\/strong>\u00a0las estrategias del\u00a0<strong>Social Media Marketing<\/strong>, utilizando como herramientas principales a\u00a0<strong>Facebook\u00a0e\u00a0Instagram.<\/strong>\u00a0Conseguir\u00e1s llegar a tu p\u00fablico objetivo antes que tu competencia, analizando en tiempo real el\u00a0<strong>comportamiento y los intereses de tu publico objetivo<\/strong>, y de esa manera conseguir hasta un\u00a0<strong>300% de aumento anual en ventas.<\/strong><\/p>\n<p><strong>Que incluye la compra de este curso:<\/strong><\/p>\n<ol>\n<li>\u00a0<strong>Acceso ilimitado<\/strong>\u00a0a la plataforma de Educaci\u00f3n Virtual de PIPEPC.<\/li>\n<li>\u00a0<strong>Material completo<\/strong>\u00a0de desarrollo del curso.<\/li>\n<li>\u00a0<strong>Soporte y atenci\u00f3n<\/strong>\u00a0personalizada para consultas.<\/li>\n<li>\u00a0<strong>Gu\u00eda<\/strong>\u00a0para contenido en Instagram.<\/li>\n<li>\u00a0<strong>Certificado<\/strong>\u00a0de Participaci\u00f3n y aprobaci\u00f3n del curso.<\/li>\n<\/ol>\n<p><strong>18 Cap\u00edtulos<\/strong>\u00a0completos de estrategias de\u00a0<strong>Social Media Marketing<\/strong>, dise\u00f1o gr\u00e1fico, embudo de ventas, y Gesti\u00f3n de\u00a0Instagram\u00a0y\u00a0Facebook\u00a0Ads. para crear\u00a0<strong>campa\u00f1as exitosas.<\/strong><\/p>\n<h2><strong>M\u00f3dulo 1<\/strong><\/h2>\n<ul>\n<li><strong>Cap\u00edtulo 1<\/strong>\u00a0\u2013 Introducci\u00f3n<\/li>\n<li><strong>Cap\u00edtulo 2<\/strong>\u00a0\u2013 Ecosistema de Comunicaci\u00f3n Digital<\/li>\n<li><strong>Cap\u00edtulo 3<\/strong>\u00a0\u2013 Embudo de ventas.<\/li>\n<li><strong>Cap\u00edtulo 4<\/strong>\u00a0\u2013 Identificar P\u00fablico Objetivo.<\/li>\n<li><strong>Cap\u00edtulo 5<\/strong>\u00a0\u2013 Que mide Facebook<\/li>\n<\/ul>\n<h2><strong>\u00a0\u00a0M\u00f3dulo 2<\/strong><\/h2>\n<ul>\n<li><strong>Cap\u00edtulo 6<\/strong>\u00a0\u2013 Dimensiones del contenido visual.<\/li>\n<li><strong>Cap\u00edtulo 7<\/strong>\u00a0\u2013 Dise\u00f1o gr\u00e1fico para todos.<\/li>\n<li><strong>Cap\u00edtulo 8<\/strong>\u00a0\u2013 Redacci\u00f3n de mensajes que venden.<\/li>\n<li><strong>Cap\u00edtulo 9<\/strong>\u00a0\u2013 Optimizando Instagram.<\/li>\n<li><strong>Cap\u00edtulo 10<\/strong>\u00a0\u2013 SEO en Instagram<\/li>\n<\/ul>\n<h2><strong>\u00a0\u00a0M\u00f3dulo 3<\/strong><\/h2>\n<ul>\n<li><strong>Cap\u00edtulo 11<\/strong>\u00a0\u2013 Introducci\u00f3n a Facebook Ads.<\/li>\n<li><strong>Cap\u00edtulo 12<\/strong>\u00a0\u2013 Facturaci\u00f3n de Facebook Ads.<\/li>\n<li><strong>Cap\u00edtulo 13<\/strong>\u00a0\u2013 El secreto de la segmentaci\u00f3n Exitosa.<\/li>\n<li><strong>Cap\u00edtulo 14<\/strong>\u00a0\u2013 Generar Informes Personalizados.<\/li>\n<\/ul>\n<h2><strong>\u00a0\u00a0M\u00f3dulo 4<\/strong><\/h2>\n<ul>\n<li><strong>Cap\u00edtulo 15<\/strong>\u00a0\u2013 Crear campa\u00f1a de Conocimiento.<\/li>\n<li><strong>Cap\u00edtulo 16<\/strong>\u00a0\u2013 Crear campa\u00f1a de Consideraci\u00f3n.<\/li>\n<li><strong>Cap\u00edtulo 17<\/strong>\u00a0\u2013 Crear campa\u00f1a de Conversi\u00f3n.<\/li>\n<li><strong>Cap\u00edtulo 18<\/strong>\u00a0\u2013 BONUS Base de datos, Landingpage, formulario, Email Marketing<\/li>\n<\/ul>\n","protected":false},"excerpt":{"rendered":"<p>Te ense\u00f1amos a vender a gran escala, gestionando de manera profesional las estrategias del Social Media Marketing, utilizando como herramientas principales a\u00a0Facebook\u00a0e\u00a0Instagram. Conseguir\u00e1s llegar a tu publico objetivo antes que tu competencia, analizando en tiempo real el comportamiento y los intereses de tu publico objetivo, y de esa manera conseguir hasta un 300% de aumento anual en ventas.<\/p>\n","protected":false},"featured_media":2915,"comment_status":"open","ping_status":"closed","template":"","meta":{"_eb_attr":""},"product_brand":[],"product_cat":[189],"product_tag":[192,190,191],"class_list":{"0":"post-655","1":"product","2":"type-product","3":"status-publish","4":"has-post-thumbnail","6":"product_cat-cursos-online-certificados","7":"product_tag-facebook-ads","8":"product_tag-marketing-digital","9":"product_tag-social-media","10":"post","12":"first","13":"instock","14":"sale","15":"virtual","16":"purchasable","17":"product-type-simple"},"_links":{"self":[{"href":"https:\/\/pipepc.com\/blog\/wp-json\/wp\/v2\/product\/655","targetHints":{"allow":["GET"]}}],"collection":[{"href":"https:\/\/pipepc.com\/blog\/wp-json\/wp\/v2\/product"}],"about":[{"href":"https:\/\/pipepc.com\/blog\/wp-json\/wp\/v2\/types\/product"}],"replies":[{"embeddable":true,"href":"https:\/\/pipepc.com\/blog\/wp-json\/wp\/v2\/comments?post=655"}],"wp:featuredmedia":[{"embeddable":true,"href":"https:\/\/pipepc.com\/blog\/wp-json\/wp\/v2\/media\/2915"}],"wp:attachment":[{"href":"https:\/\/pipepc.com\/blog\/wp-json\/wp\/v2\/media?parent=655"}],"wp:term":[{"taxonomy":"product_brand","embeddable":true,"href":"https:\/\/pipepc.com\/blog\/wp-json\/wp\/v2\/product_brand?post=655"},{"taxonomy":"product_cat","embeddable":true,"href":"https:\/\/pipepc.com\/blog\/wp-json\/wp\/v2\/product_cat?post=655"},{"taxonomy":"product_tag","embeddable":true,"href":"https:\/\/pipepc.com\/blog\/wp-json\/wp\/v2\/product_tag?post=655"}],"curies":[{"name":"wp","href":"https:\/\/api.w.org\/{rel}","templated":true}]}}