{"id":609,"date":"2020-07-07T23:14:09","date_gmt":"2020-07-08T03:14:09","guid":{"rendered":"https:\/\/www.pipepc.com\/blog\/?post_type=product&#038;p=609"},"modified":"2023-10-24T18:01:40","modified_gmt":"2023-10-24T21:01:40","slug":"imagen-profesional","status":"publish","type":"product","link":"https:\/\/pipepc.com\/blog\/producto\/imagen-profesional\/","title":{"rendered":"Imagen Profesional"},"content":{"rendered":"<section class=\"entry fix\">Objetivos:<br \/>\nConocer los fundamentos b\u00e1sicos y esenciales de la imagen, sus caracter\u00edsticas y componentes.<br \/>\nDise\u00f1ar una marca personal externa que te diferencie y posicione, para lograr una imagen profesional impactante.<br \/>\nAplicar los conocimientos adquiridos, en el mejoramiento de la propia Imagen Profesional.Contenido:<br \/>\n1. Auditoria de la imagen profesional. Elementos. Estrategia.<br \/>\n2. Imagen Personal e Identidad Corporativa.<br \/>\n3. Vestimenta profesional. Niveles.<br \/>\n4. Colores. Combinaciones exitosas para el \u00e1mbito profesional.<br \/>\n5. Estilos. Diferencias y similitudes.<br \/>\n6. Comunicaci\u00f3n no verbal.<br \/>\n7. Imagen digital. Presentaci\u00f3n de perfil, contenidos. Importancia.Con certificaci\u00f3n.<\/section>\n","protected":false},"excerpt":{"rendered":"<p>Objetivos: Conocer los fundamentos b\u00e1sicos y esenciales de la imagen, sus caracter\u00edsticas y componentes. Dise\u00f1ar una marca personal externa que te diferencie y posicione, para lograr una imagen profesional impactante. Aplicar los conocimientos adquiridos, en el mejoramiento de la propia Imagen Profesional.Contenido: 1. Auditoria de la imagen profesional. Elementos. Estrategia. 2. Imagen Personal e Identidad [&hellip;]<\/p>\n","protected":false},"featured_media":11854,"comment_status":"open","ping_status":"closed","template":"","meta":{"_eb_attr":""},"product_brand":[],"product_cat":[189],"product_tag":[188,187],"class_list":{"0":"post-609","1":"product","2":"type-product","3":"status-publish","4":"has-post-thumbnail","6":"product_cat-cursos-online-certificados","7":"product_tag-curso-online","8":"product_tag-imagen-profesional","9":"post","11":"first","12":"instock","13":"sale","14":"virtual","15":"purchasable","16":"product-type-simple"},"_links":{"self":[{"href":"https:\/\/pipepc.com\/blog\/wp-json\/wp\/v2\/product\/609","targetHints":{"allow":["GET"]}}],"collection":[{"href":"https:\/\/pipepc.com\/blog\/wp-json\/wp\/v2\/product"}],"about":[{"href":"https:\/\/pipepc.com\/blog\/wp-json\/wp\/v2\/types\/product"}],"replies":[{"embeddable":true,"href":"https:\/\/pipepc.com\/blog\/wp-json\/wp\/v2\/comments?post=609"}],"wp:featuredmedia":[{"embeddable":true,"href":"https:\/\/pipepc.com\/blog\/wp-json\/wp\/v2\/media\/11854"}],"wp:attachment":[{"href":"https:\/\/pipepc.com\/blog\/wp-json\/wp\/v2\/media?parent=609"}],"wp:term":[{"taxonomy":"product_brand","embeddable":true,"href":"https:\/\/pipepc.com\/blog\/wp-json\/wp\/v2\/product_brand?post=609"},{"taxonomy":"product_cat","embeddable":true,"href":"https:\/\/pipepc.com\/blog\/wp-json\/wp\/v2\/product_cat?post=609"},{"taxonomy":"product_tag","embeddable":true,"href":"https:\/\/pipepc.com\/blog\/wp-json\/wp\/v2\/product_tag?post=609"}],"curies":[{"name":"wp","href":"https:\/\/api.w.org\/{rel}","templated":true}]}}