{"id":15391,"date":"2024-09-17T19:40:10","date_gmt":"2024-09-17T23:40:10","guid":{"rendered":"https:\/\/pipepc.com\/blog\/?page_id=15391"},"modified":"2024-09-17T20:20:45","modified_gmt":"2024-09-18T00:20:45","slug":"descarga-e-book-eventos-pro-2","status":"publish","type":"page","link":"https:\/\/pipepc.com\/blog\/descarga-e-book-eventos-pro-2\/","title":{"rendered":"Descarga E-Book Eventos PRO #2"},"content":{"rendered":"\t\t<div data-elementor-type=\"wp-page\" data-elementor-id=\"15391\" class=\"elementor elementor-15391\" data-elementor-post-type=\"page\">\n\t\t\t\t<div class=\"elementor-element elementor-element-2ddd680 e-flex e-con-boxed e-con e-parent\" data-id=\"2ddd680\" data-element_type=\"container\" data-settings=\"{&quot;background_background&quot;:&quot;gradient&quot;}\">\n\t\t\t\t\t<div class=\"e-con-inner\">\n\t\t\t\t<div class=\"elementor-element elementor-element-016a449 elementor-widget elementor-widget-heading\" data-id=\"016a449\" data-element_type=\"widget\" data-widget_type=\"heading.default\">\n\t\t\t\t<div class=\"elementor-widget-container\">\n\t\t\t\t\t<p class=\"elementor-heading-title elementor-size-default\">Descarga tu<br>E-Book Gratis<\/p>\t\t\t\t<\/div>\n\t\t\t\t<\/div>\n\t\t\t\t<div class=\"elementor-element elementor-element-ad55b6a elementor-widget elementor-widget-heading\" data-id=\"ad55b6a\" data-element_type=\"widget\" data-widget_type=\"heading.default\">\n\t\t\t\t<div class=\"elementor-widget-container\">\n\t\t\t\t\t<h2 class=\"elementor-heading-title elementor-size-default\">y Convi\u00e9rtete en un Organizador de Eventos de Clase Mundial<\/h2>\t\t\t\t<\/div>\n\t\t\t\t<\/div>\n\t\t\t\t<div class=\"elementor-element elementor-element-0d82a17 elementor-widget elementor-widget-heading\" data-id=\"0d82a17\" data-element_type=\"widget\" data-widget_type=\"heading.default\">\n\t\t\t\t<div class=\"elementor-widget-container\">\n\t\t\t\t\t<h3 class=\"elementor-heading-title elementor-size-default\">\u00bfQuieres Ser un Organizador de Eventos de Clase Mundial? Descarga Gratis Nuestro E-Book y Empieza Hoy.<\/h3>\t\t\t\t<\/div>\n\t\t\t\t<\/div>\n\t\t<div class=\"elementor-element elementor-element-dcfa641 e-grid e-con-full e-con e-child\" data-id=\"dcfa641\" data-element_type=\"container\">\n\t\t\t\t<div class=\"elementor-element elementor-element-d1a1544 elementor-widget elementor-widget-image\" data-id=\"d1a1544\" data-element_type=\"widget\" data-widget_type=\"image.default\">\n\t\t\t\t<div class=\"elementor-widget-container\">\n\t\t\t\t\t\t\t\t\t\t\t\t\t\t\t<img fetchpriority=\"high\" decoding=\"async\" width=\"300\" height=\"300\" src=\"https:\/\/pipepc.com\/blog\/wp-content\/uploads\/2024\/09\/Post-de-Instagram-Curso-online-Marketing-Digital-Morado-300x300.webp\" class=\"attachment-medium size-medium wp-image-15238\" alt=\"\" srcset=\"https:\/\/pipepc.com\/blog\/wp-content\/uploads\/2024\/09\/Post-de-Instagram-Curso-online-Marketing-Digital-Morado-300x300.webp 300w, https:\/\/pipepc.com\/blog\/wp-content\/uploads\/2024\/09\/Post-de-Instagram-Curso-online-Marketing-Digital-Morado-150x150.webp 150w, https:\/\/pipepc.com\/blog\/wp-content\/uploads\/2024\/09\/Post-de-Instagram-Curso-online-Marketing-Digital-Morado-200x200.webp 200w, https:\/\/pipepc.com\/blog\/wp-content\/uploads\/2024\/09\/Post-de-Instagram-Curso-online-Marketing-Digital-Morado-100x100.webp 100w, https:\/\/pipepc.com\/blog\/wp-content\/uploads\/2024\/09\/Post-de-Instagram-Curso-online-Marketing-Digital-Morado-90x90.webp 90w, https:\/\/pipepc.com\/blog\/wp-content\/uploads\/2024\/09\/Post-de-Instagram-Curso-online-Marketing-Digital-Morado-20x20.webp 20w, https:\/\/pipepc.com\/blog\/wp-content\/uploads\/2024\/09\/Post-de-Instagram-Curso-online-Marketing-Digital-Morado-400x400.webp 400w, https:\/\/pipepc.com\/blog\/wp-content\/uploads\/2024\/09\/Post-de-Instagram-Curso-online-Marketing-Digital-Morado.webp 540w\" sizes=\"(max-width: 300px) 100vw, 300px\" \/>\t\t\t\t\t\t\t\t\t\t\t\t\t\t\t<\/div>\n\t\t\t\t<\/div>\n\t\t<div class=\"elementor-element elementor-element-54ed3b6 e-con-full e-flex e-con e-child\" data-id=\"54ed3b6\" data-element_type=\"container\">\n\t\t\t\t<div class=\"elementor-element elementor-element-7f6cb84 elementor-widget elementor-widget-heading\" data-id=\"7f6cb84\" data-element_type=\"widget\" data-widget_type=\"heading.default\">\n\t\t\t\t<div class=\"elementor-widget-container\">\n\t\t\t\t\t<h2 class=\"elementor-heading-title elementor-size-default\">Completa el formulario a continuaci\u00f3n y recibe tu e-book \"Los Primeros Pasos para Convertirte en un Organizador de Eventos de Clase Mundial\" directamente en tu bandeja de entrada.<\/h2>\t\t\t\t<\/div>\n\t\t\t\t<\/div>\n\t\t\t\t<div class=\"elementor-element elementor-element-85c99dd elementor-widget elementor-widget-heading\" data-id=\"85c99dd\" data-element_type=\"widget\" data-widget_type=\"heading.default\">\n\t\t\t\t<div class=\"elementor-widget-container\">\n\t\t\t\t\t<p class=\"elementor-heading-title elementor-size-default\">\u00a1Es totalmente GRATIS!<\/p>\t\t\t\t<\/div>\n\t\t\t\t<\/div>\n\t\t\t\t<\/div>\n\t\t\t\t<\/div>\n\t\t\t\t<div class=\"elementor-element elementor-element-8c91918 elementor-button-align-stretch elementor-widget elementor-widget-form\" data-id=\"8c91918\" data-element_type=\"widget\" id=\"fomulaeventosexitosos\" data-settings=\"{&quot;step_next_label&quot;:&quot;Next&quot;,&quot;step_previous_label&quot;:&quot;Previous&quot;,&quot;button_width&quot;:&quot;100&quot;,&quot;step_type&quot;:&quot;number_text&quot;,&quot;step_icon_shape&quot;:&quot;circle&quot;}\" data-widget_type=\"form.default\">\n\t\t\t\t<div class=\"elementor-widget-container\">\n\t\t\t\t\t\t\t<form class=\"elementor-form\" method=\"post\" id=\"nuew_form_event_001\" name=\"New Form\" aria-label=\"New Form\">\n\t\t\t<input type=\"hidden\" name=\"post_id\" value=\"15391\"\/>\n\t\t\t<input type=\"hidden\" name=\"form_id\" value=\"8c91918\"\/>\n\t\t\t<input type=\"hidden\" name=\"referer_title\" value=\"Descarga E-Book Eventos PRO #2\" \/>\n\n\t\t\t\t\t\t\t<input type=\"hidden\" name=\"queried_id\" value=\"15391\"\/>\n\t\t\t\n\t\t\t<div class=\"elementor-form-fields-wrapper elementor-labels-\">\n\t\t\t\t\t\t\t\t<div class=\"elementor-field-type-text elementor-field-group elementor-column elementor-field-group-name elementor-col-100 elementor-field-required\">\n\t\t\t\t\t\t\t\t\t\t\t\t<label for=\"form-field-name\" class=\"elementor-field-label elementor-screen-only\">\n\t\t\t\t\t\t\t\tName\t\t\t\t\t\t\t<\/label>\n\t\t\t\t\t\t\t\t\t\t\t\t\t\t<input size=\"1\" type=\"text\" name=\"form_fields[name]\" id=\"form-field-name\" class=\"elementor-field elementor-size-md  elementor-field-textual\" placeholder=\"Nombre\" required=\"required\">\n\t\t\t\t\t\t\t\t\t\t\t<\/div>\n\t\t\t\t\t\t\t\t<div class=\"elementor-field-type-email elementor-field-group elementor-column elementor-field-group-email elementor-col-100 elementor-field-required\">\n\t\t\t\t\t\t\t\t\t\t\t\t<label for=\"form-field-email\" class=\"elementor-field-label elementor-screen-only\">\n\t\t\t\t\t\t\t\tEmail\t\t\t\t\t\t\t<\/label>\n\t\t\t\t\t\t\t\t\t\t\t\t\t\t<input size=\"1\" type=\"email\" name=\"form_fields[email]\" id=\"form-field-email\" class=\"elementor-field elementor-size-md  elementor-field-textual\" placeholder=\"E-mail\" required=\"required\">\n\t\t\t\t\t\t\t\t\t\t\t<\/div>\n\t\t\t\t\t\t\t\t<div class=\"elementor-field-type-tel elementor-field-group elementor-column elementor-field-group-message elementor-col-100 elementor-field-required\">\n\t\t\t\t\t\t\t\t\t\t\t\t<label for=\"form-field-message\" class=\"elementor-field-label elementor-screen-only\">\n\t\t\t\t\t\t\t\tWhatsApp\t\t\t\t\t\t\t<\/label>\n\t\t\t\t\t\t\t\t<input size=\"1\" type=\"tel\" name=\"form_fields[message]\" id=\"form-field-message\" class=\"elementor-field elementor-size-md  elementor-field-textual\" placeholder=\"N\u00ba de WhatsApp\" required=\"required\" pattern=\"[0-9()#&amp;+*-=.]+\" title=\"Only numbers and phone characters (#, -, *, etc) are accepted.\">\n\n\t\t\t\t\t\t<\/div>\n\t\t\t\t\t\t\t\t<div class=\"elementor-field-group elementor-column elementor-field-type-submit elementor-col-100 e-form__buttons\">\n\t\t\t\t\t<button class=\"elementor-button elementor-size-sm\" type=\"submit\">\n\t\t\t\t\t\t<span class=\"elementor-button-content-wrapper\">\n\t\t\t\t\t\t\t\t\t\t\t\t\t\t\t\t\t\t\t\t\t\t<span class=\"elementor-button-text\">\u00a1Aqu\u00ed Tienes tu E-Book Gratuito!<\/span>\n\t\t\t\t\t\t\t\t\t\t\t\t\t<\/span>\n\t\t\t\t\t<\/button>\n\t\t\t\t<\/div>\n\t\t\t<\/div>\n\t\t<\/form>\n\t\t\t\t\t\t<\/div>\n\t\t\t\t<\/div>\n\t\t\t\t\t<\/div>\n\t\t\t\t<\/div>\n\t\t<div class=\"elementor-element elementor-element-6472fac e-flex e-con-boxed e-con e-parent\" data-id=\"6472fac\" data-element_type=\"container\">\n\t\t\t\t\t<div class=\"e-con-inner\">\n\t\t\t\t<div class=\"elementor-element elementor-element-a0ba914 elementor-widget elementor-widget-heading\" data-id=\"a0ba914\" data-element_type=\"widget\" data-widget_type=\"heading.default\">\n\t\t\t\t<div class=\"elementor-widget-container\">\n\t\t\t\t\t<p class=\"elementor-heading-title elementor-size-default\">Obt\u00e9n tu gu\u00eda completa con los pasos esenciales para lanzar una carrera exitosa como organizador de eventos de alto nivel. Descubre secretos, estrategias y herramientas utilizadas por expertos de la industria y lleva tu pasi\u00f3n por los eventos a un nuevo nivel.<\/p>\t\t\t\t<\/div>\n\t\t\t\t<\/div>\n\t\t\t\t<div class=\"elementor-element elementor-element-a9fd5cd elementor-widget elementor-widget-heading\" data-id=\"a9fd5cd\" data-element_type=\"widget\" data-widget_type=\"heading.default\">\n\t\t\t\t<div class=\"elementor-widget-container\">\n\t\t\t\t\t<h2 class=\"elementor-heading-title elementor-size-default\">\u00bfQu\u00e9 Aprender\u00e1s con Este E-Book?<\/h2>\t\t\t\t<\/div>\n\t\t\t\t<\/div>\n\t\t\t\t<div class=\"elementor-element elementor-element-46f26bf elementor-widget elementor-widget-heading\" data-id=\"46f26bf\" data-element_type=\"widget\" data-widget_type=\"heading.default\">\n\t\t\t\t<div class=\"elementor-widget-container\">\n\t\t\t\t\t<h4 class=\"elementor-heading-title elementor-size-default\">Define tu Nicho de Mercado:<\/h4>\t\t\t\t<\/div>\n\t\t\t\t<\/div>\n\t\t\t\t<div class=\"elementor-element elementor-element-de164e7 elementor-widget elementor-widget-text-editor\" data-id=\"de164e7\" data-element_type=\"widget\" data-widget_type=\"text-editor.default\">\n\t\t\t\t<div class=\"elementor-widget-container\">\n\t\t\t\t\t\t\t\t\t<p>Aprende a identificar y especializarte en el nicho de eventos que m\u00e1s te apasione. Desde eventos corporativos hasta bodas de destino, te mostramos c\u00f3mo destacar en cada \u00e1rea.<\/p>\t\t\t\t\t\t\t\t<\/div>\n\t\t\t\t<\/div>\n\t\t\t\t<div class=\"elementor-element elementor-element-f41b9c1 elementor-widget elementor-widget-heading\" data-id=\"f41b9c1\" data-element_type=\"widget\" data-widget_type=\"heading.default\">\n\t\t\t\t<div class=\"elementor-widget-container\">\n\t\t\t\t\t<h4 class=\"elementor-heading-title elementor-size-default\">Desarrolla Habilidades Clave:<\/h4>\t\t\t\t<\/div>\n\t\t\t\t<\/div>\n\t\t\t\t<div class=\"elementor-element elementor-element-091199b elementor-widget elementor-widget-text-editor\" data-id=\"091199b\" data-element_type=\"widget\" data-widget_type=\"text-editor.default\">\n\t\t\t\t<div class=\"elementor-widget-container\">\n\t\t\t\t\t\t\t\t\t<p>Convi\u00e9rtete en un experto en negociaci\u00f3n, gesti\u00f3n del tiempo, resoluci\u00f3n de problemas, creatividad, y liderazgo. Estas habilidades son esenciales para superar cualquier desaf\u00edo en la organizaci\u00f3n de eventos.<\/p>\t\t\t\t\t\t\t\t<\/div>\n\t\t\t\t<\/div>\n\t\t\t\t<div class=\"elementor-element elementor-element-613af1f elementor-widget elementor-widget-heading\" data-id=\"613af1f\" data-element_type=\"widget\" data-widget_type=\"heading.default\">\n\t\t\t\t<div class=\"elementor-widget-container\">\n\t\t\t\t\t<h4 class=\"elementor-heading-title elementor-size-default\">Crea Relaciones S\u00f3lidas con Proveedores:<\/h4>\t\t\t\t<\/div>\n\t\t\t\t<\/div>\n\t\t\t\t<div class=\"elementor-element elementor-element-bfd85ec elementor-widget elementor-widget-text-editor\" data-id=\"bfd85ec\" data-element_type=\"widget\" data-widget_type=\"text-editor.default\">\n\t\t\t\t<div class=\"elementor-widget-container\">\n\t\t\t\t\t\t\t\t\t<p>Construye una red de colaboradores de confianza que comparten tus est\u00e1ndares de calidad y profesionalismo para asegurar el \u00e9xito de cada evento.<\/p>\t\t\t\t\t\t\t\t<\/div>\n\t\t\t\t<\/div>\n\t\t\t\t<div class=\"elementor-element elementor-element-068c2b0 elementor-widget elementor-widget-heading\" data-id=\"068c2b0\" data-element_type=\"widget\" data-widget_type=\"heading.default\">\n\t\t\t\t<div class=\"elementor-widget-container\">\n\t\t\t\t\t<h4 class=\"elementor-heading-title elementor-size-default\">Domina la Planificaci\u00f3n Financiera:<\/h4>\t\t\t\t<\/div>\n\t\t\t\t<\/div>\n\t\t\t\t<div class=\"elementor-element elementor-element-d58be49 elementor-widget-mobile__width-initial elementor-widget elementor-widget-text-editor\" data-id=\"d58be49\" data-element_type=\"widget\" data-widget_type=\"text-editor.default\">\n\t\t\t\t<div class=\"elementor-widget-container\">\n\t\t\t\t\t\t\t\t\t<p>Gestiona presupuestos y recursos de manera eficiente para maximizar tus ganancias y evitar problemas de \u00faltimo minuto.<\/p>\t\t\t\t\t\t\t\t<\/div>\n\t\t\t\t<\/div>\n\t\t\t\t\t<\/div>\n\t\t\t\t<\/div>\n\t\t<div class=\"elementor-element elementor-element-7266987 e-flex e-con-boxed e-con e-parent\" data-id=\"7266987\" data-element_type=\"container\" data-settings=\"{&quot;background_background&quot;:&quot;classic&quot;}\">\n\t\t\t\t\t<div class=\"e-con-inner\">\n\t\t\t\t<div class=\"elementor-element elementor-element-9090209 elementor-widget elementor-widget-heading\" data-id=\"9090209\" data-element_type=\"widget\" data-widget_type=\"heading.default\">\n\t\t\t\t<div class=\"elementor-widget-container\">\n\t\t\t\t\t<h2 class=\"elementor-heading-title elementor-size-default\">\u00a1Y mucho m\u00e1s! Descubre c\u00f3mo convertirte en un referente de la industria con estrategias que te permitir\u00e1n sobresalir.<\/h2>\t\t\t\t<\/div>\n\t\t\t\t<\/div>\n\t\t\t\t<div class=\"elementor-element elementor-element-932c6cc elementor-mobile-align-center elementor-align-center elementor-widget elementor-widget-button\" data-id=\"932c6cc\" data-element_type=\"widget\" data-widget_type=\"button.default\">\n\t\t\t\t<div class=\"elementor-widget-container\">\n\t\t\t\t\t\t\t\t\t<div class=\"elementor-button-wrapper\">\n\t\t\t\t\t<a class=\"elementor-button elementor-button-link elementor-size-sm\" href=\"#fomulaeventosexitosos\">\n\t\t\t\t\t\t<span class=\"elementor-button-content-wrapper\">\n\t\t\t\t\t\t\t\t\t<span class=\"elementor-button-text\">\u00a1Descargar mi E-Book Gratis!<\/span>\n\t\t\t\t\t<\/span>\n\t\t\t\t\t<\/a>\n\t\t\t\t<\/div>\n\t\t\t\t\t\t\t\t<\/div>\n\t\t\t\t<\/div>\n\t\t\t\t<div class=\"elementor-element elementor-element-68bf268 elementor-widget elementor-widget-heading\" data-id=\"68bf268\" data-element_type=\"widget\" data-widget_type=\"heading.default\">\n\t\t\t\t<div class=\"elementor-widget-container\">\n\t\t\t\t\t<h2 class=\"elementor-heading-title elementor-size-default\">M\u00e1s de 1,000 organizadores de eventos en toda Latinoam\u00e9rica ya han descargado nuestro e-book y est\u00e1n transformando sus carreras. T\u00fa tambi\u00e9n puedes comenzar hoy.<\/h2>\t\t\t\t<\/div>\n\t\t\t\t<\/div>\n\t\t\t\t\t<\/div>\n\t\t\t\t<\/div>\n\t\t<div class=\"elementor-element elementor-element-4474ab4 e-flex e-con-boxed e-con e-parent\" data-id=\"4474ab4\" data-element_type=\"container\" data-settings=\"{&quot;background_background&quot;:&quot;gradient&quot;}\">\n\t\t\t\t\t<div class=\"e-con-inner\">\n\t\t\t\t<div class=\"elementor-element elementor-element-36de26f elementor-widget elementor-widget-heading\" data-id=\"36de26f\" data-element_type=\"widget\" data-widget_type=\"heading.default\">\n\t\t\t\t<div class=\"elementor-widget-container\">\n\t\t\t\t\t<h2 class=\"elementor-heading-title elementor-size-default\">Creadora<\/h2>\t\t\t\t<\/div>\n\t\t\t\t<\/div>\n\t\t\t\t<div class=\"elementor-element elementor-element-3815a83 elementor-widget elementor-widget-image\" data-id=\"3815a83\" data-element_type=\"widget\" data-widget_type=\"image.default\">\n\t\t\t\t<div class=\"elementor-widget-container\">\n\t\t\t\t\t\t\t\t\t\t\t\t\t\t\t<img decoding=\"async\" width=\"300\" height=\"300\" src=\"https:\/\/pipepc.com\/blog\/wp-content\/uploads\/2024\/07\/18-300x300.png\" class=\"attachment-medium size-medium wp-image-14309\" alt=\"\" srcset=\"https:\/\/pipepc.com\/blog\/wp-content\/uploads\/2024\/07\/18-300x300.png 300w, https:\/\/pipepc.com\/blog\/wp-content\/uploads\/2024\/07\/18-1024x1024.png 1024w, https:\/\/pipepc.com\/blog\/wp-content\/uploads\/2024\/07\/18-150x150.png 150w, https:\/\/pipepc.com\/blog\/wp-content\/uploads\/2024\/07\/18-768x768.png 768w, https:\/\/pipepc.com\/blog\/wp-content\/uploads\/2024\/07\/18-200x200.png 200w, https:\/\/pipepc.com\/blog\/wp-content\/uploads\/2024\/07\/18-100x100.png 100w, https:\/\/pipepc.com\/blog\/wp-content\/uploads\/2024\/07\/18-90x90.png 90w, https:\/\/pipepc.com\/blog\/wp-content\/uploads\/2024\/07\/18-20x20.png 20w, https:\/\/pipepc.com\/blog\/wp-content\/uploads\/2024\/07\/18-400x400.png 400w, https:\/\/pipepc.com\/blog\/wp-content\/uploads\/2024\/07\/18.png 1080w\" sizes=\"(max-width: 300px) 100vw, 300px\" \/>\t\t\t\t\t\t\t\t\t\t\t\t\t\t\t<\/div>\n\t\t\t\t<\/div>\n\t\t\t\t<div class=\"elementor-element elementor-element-08e0d65 elementor-widget elementor-widget-heading\" data-id=\"08e0d65\" data-element_type=\"widget\" data-widget_type=\"heading.default\">\n\t\t\t\t<div class=\"elementor-widget-container\">\n\t\t\t\t\t<h2 class=\"elementor-heading-title elementor-size-default\">Lic. Julia Redick<\/h2>\t\t\t\t<\/div>\n\t\t\t\t<\/div>\n\t\t\t\t<div class=\"elementor-element elementor-element-6e012d0 elementor-widget elementor-widget-heading\" data-id=\"6e012d0\" data-element_type=\"widget\" data-widget_type=\"heading.default\">\n\t\t\t\t<div class=\"elementor-widget-container\">\n\t\t\t\t\t<h2 class=\"elementor-heading-title elementor-size-default\">Perfil<\/h2>\t\t\t\t<\/div>\n\t\t\t\t<\/div>\n\t\t\t\t<div class=\"elementor-element elementor-element-4fa2fcc elementor-widget elementor-widget-text-editor\" data-id=\"4fa2fcc\" data-element_type=\"widget\" data-widget_type=\"text-editor.default\">\n\t\t\t\t<div class=\"elementor-widget-container\">\n\t\t\t\t\t\t\t\t\t<p>Fundadora y Directora del Primer Instituto Paraguayo de Estudios de Protocolo y Ceremonial Fundadora y Presidenta del Comit\u00e9 Paraguayo de Profesionales de Ceremonial, Egresada de la Academia Diplom\u00e1tica y Consular del Ministerio de Relaciones Exteriores<\/p>\t\t\t\t\t\t\t\t<\/div>\n\t\t\t\t<\/div>\n\t\t\t\t<div class=\"elementor-element elementor-element-8e775d5 elementor-mobile-align-center elementor-align-center elementor-widget elementor-widget-button\" data-id=\"8e775d5\" data-element_type=\"widget\" data-widget_type=\"button.default\">\n\t\t\t\t<div class=\"elementor-widget-container\">\n\t\t\t\t\t\t\t\t\t<div class=\"elementor-button-wrapper\">\n\t\t\t\t\t<a class=\"elementor-button elementor-button-link elementor-size-sm\" href=\"#fomulaeventosexitosos\">\n\t\t\t\t\t\t<span class=\"elementor-button-content-wrapper\">\n\t\t\t\t\t\t\t\t\t<span class=\"elementor-button-text\">\u00a1Descargar mi E-Book Gratis!<\/span>\n\t\t\t\t\t<\/span>\n\t\t\t\t\t<\/a>\n\t\t\t\t<\/div>\n\t\t\t\t\t\t\t\t<\/div>\n\t\t\t\t<\/div>\n\t\t\t\t<div class=\"elementor-element elementor-element-4d820c4 elementor-widget elementor-widget-image\" data-id=\"4d820c4\" data-element_type=\"widget\" data-widget_type=\"image.default\">\n\t\t\t\t<div class=\"elementor-widget-container\">\n\t\t\t\t\t\t\t\t\t\t\t\t\t\t\t<img decoding=\"async\" width=\"540\" height=\"540\" src=\"https:\/\/pipepc.com\/blog\/wp-content\/uploads\/2024\/09\/Post-de-Instagram-Curso-online-Marketing-Digital-Morado.webp\" class=\"attachment-full size-full wp-image-15238\" alt=\"\" srcset=\"https:\/\/pipepc.com\/blog\/wp-content\/uploads\/2024\/09\/Post-de-Instagram-Curso-online-Marketing-Digital-Morado.webp 540w, https:\/\/pipepc.com\/blog\/wp-content\/uploads\/2024\/09\/Post-de-Instagram-Curso-online-Marketing-Digital-Morado-300x300.webp 300w, https:\/\/pipepc.com\/blog\/wp-content\/uploads\/2024\/09\/Post-de-Instagram-Curso-online-Marketing-Digital-Morado-150x150.webp 150w, https:\/\/pipepc.com\/blog\/wp-content\/uploads\/2024\/09\/Post-de-Instagram-Curso-online-Marketing-Digital-Morado-200x200.webp 200w, https:\/\/pipepc.com\/blog\/wp-content\/uploads\/2024\/09\/Post-de-Instagram-Curso-online-Marketing-Digital-Morado-100x100.webp 100w, https:\/\/pipepc.com\/blog\/wp-content\/uploads\/2024\/09\/Post-de-Instagram-Curso-online-Marketing-Digital-Morado-90x90.webp 90w, https:\/\/pipepc.com\/blog\/wp-content\/uploads\/2024\/09\/Post-de-Instagram-Curso-online-Marketing-Digital-Morado-20x20.webp 20w, https:\/\/pipepc.com\/blog\/wp-content\/uploads\/2024\/09\/Post-de-Instagram-Curso-online-Marketing-Digital-Morado-400x400.webp 400w\" sizes=\"(max-width: 540px) 100vw, 540px\" \/>\t\t\t\t\t\t\t\t\t\t\t\t\t\t\t<\/div>\n\t\t\t\t<\/div>\n\t\t\t\t\t<\/div>\n\t\t\t\t<\/div>\n\t\t\t\t<\/div>\n\t\t","protected":false},"excerpt":{"rendered":"<p>Descarga tuE-Book Gratis y Convi\u00e9rtete en un Organizador de Eventos de Clase Mundial \u00bfQuieres Ser un Organizador de Eventos de Clase Mundial? Descarga Gratis Nuestro E-Book y Empieza Hoy. Completa el formulario a continuaci\u00f3n y recibe tu e-book \u00abLos Primeros Pasos para Convertirte en un Organizador de Eventos de Clase Mundial\u00bb directamente en tu bandeja [&hellip;]<\/p>\n","protected":false},"author":2,"featured_media":15238,"parent":0,"menu_order":0,"comment_status":"closed","ping_status":"closed","template":"elementor_canvas","meta":{"_eb_attr":"","footnotes":""},"class_list":["post-15391","page","type-page","status-publish","has-post-thumbnail","hentry"],"_links":{"self":[{"href":"https:\/\/pipepc.com\/blog\/wp-json\/wp\/v2\/pages\/15391","targetHints":{"allow":["GET"]}}],"collection":[{"href":"https:\/\/pipepc.com\/blog\/wp-json\/wp\/v2\/pages"}],"about":[{"href":"https:\/\/pipepc.com\/blog\/wp-json\/wp\/v2\/types\/page"}],"author":[{"embeddable":true,"href":"https:\/\/pipepc.com\/blog\/wp-json\/wp\/v2\/users\/2"}],"replies":[{"embeddable":true,"href":"https:\/\/pipepc.com\/blog\/wp-json\/wp\/v2\/comments?post=15391"}],"version-history":[{"count":10,"href":"https:\/\/pipepc.com\/blog\/wp-json\/wp\/v2\/pages\/15391\/revisions"}],"predecessor-version":[{"id":15404,"href":"https:\/\/pipepc.com\/blog\/wp-json\/wp\/v2\/pages\/15391\/revisions\/15404"}],"wp:featuredmedia":[{"embeddable":true,"href":"https:\/\/pipepc.com\/blog\/wp-json\/wp\/v2\/media\/15238"}],"wp:attachment":[{"href":"https:\/\/pipepc.com\/blog\/wp-json\/wp\/v2\/media?parent=15391"}],"curies":[{"name":"wp","href":"https:\/\/api.w.org\/{rel}","templated":true}]}}