{"id":15008,"date":"2024-08-21T13:17:31","date_gmt":"2024-08-21T17:17:31","guid":{"rendered":"https:\/\/pipepc.com\/blog\/?page_id=15008"},"modified":"2024-08-21T14:28:13","modified_gmt":"2024-08-21T18:28:13","slug":"descarga-la-guia-trabajo-de-la-clase-2","status":"publish","type":"page","link":"https:\/\/pipepc.com\/blog\/descarga-la-guia-trabajo-de-la-clase-2\/","title":{"rendered":"Descarga la gu\u00eda trabajo de la Clase 2"},"content":{"rendered":"\t\t<div data-elementor-type=\"wp-page\" data-elementor-id=\"15008\" class=\"elementor elementor-15008\" data-elementor-post-type=\"page\">\n\t\t\t\t<div class=\"elementor-element elementor-element-326b67b4 e-flex e-con-boxed e-con e-parent\" data-id=\"326b67b4\" data-element_type=\"container\" data-settings=\"{&quot;background_background&quot;:&quot;classic&quot;}\">\n\t\t\t\t\t<div class=\"e-con-inner\">\n\t\t<div class=\"elementor-element elementor-element-730a825c e-flex e-con-boxed e-con e-child\" data-id=\"730a825c\" data-element_type=\"container\">\n\t\t\t\t\t<div class=\"e-con-inner\">\n\t\t<div class=\"elementor-element elementor-element-5f2338ef e-con-full e-flex e-con e-child\" data-id=\"5f2338ef\" data-element_type=\"container\">\n\t\t\t\t<div class=\"elementor-element elementor-element-44218974 animated-slow elementor-invisible elementor-widget elementor-widget-heading\" data-id=\"44218974\" data-element_type=\"widget\" data-settings=\"{&quot;_animation&quot;:&quot;slideInUp&quot;}\" data-widget_type=\"heading.default\">\n\t\t\t\t<div class=\"elementor-widget-container\">\n\t\t\t\t\t<h2 class=\"elementor-heading-title elementor-size-default\">Clase 2<\/h2>\t\t\t\t<\/div>\n\t\t\t\t<\/div>\n\t\t\t\t<div class=\"elementor-element elementor-element-48231034 animated-slow elementor-invisible elementor-widget elementor-widget-heading\" data-id=\"48231034\" data-element_type=\"widget\" data-settings=\"{&quot;_animation&quot;:&quot;slideInUp&quot;}\" data-widget_type=\"heading.default\">\n\t\t\t\t<div class=\"elementor-widget-container\">\n\t\t\t\t\t<h2 class=\"elementor-heading-title elementor-size-default\">Descarga el material de apoyo y cuadernillo de tareas de la clase 2<\/h2>\t\t\t\t<\/div>\n\t\t\t\t<\/div>\n\t\t\t\t<div class=\"elementor-element elementor-element-3648405d elementor-widget elementor-widget-text-editor\" data-id=\"3648405d\" data-element_type=\"widget\" data-widget_type=\"text-editor.default\">\n\t\t\t\t<div class=\"elementor-widget-container\">\n\t\t\t\t\t\t\t\t\t<p>Este Material es de uso exclusivo para los alumnos del Curso de Ceremonial y Protocolo Oficial del PIPEPC, no lo compartas con nadie. \u26a0\ufe0f Y s\u00f3lo descargalo si confirmas que vas a participar en la clase N\u00ba 2.<\/p><p>\ud83d\udc47 Para descargar el material, pulsa el bot\u00f3n de abajo, al hacerlo recuerda que est\u00e1s confirmando tu participaci\u00f3n el d\u00eda de hoy. \u00a1No faltes! \ud83d\udc47<\/p>\t\t\t\t\t\t\t\t<\/div>\n\t\t\t\t<\/div>\n\t\t\t\t<div class=\"elementor-element elementor-element-253f738 elementor-widget elementor-widget-button\" data-id=\"253f738\" data-element_type=\"widget\" data-widget_type=\"button.default\">\n\t\t\t\t<div class=\"elementor-widget-container\">\n\t\t\t\t\t\t\t\t\t<div class=\"elementor-button-wrapper\">\n\t\t\t\t\t<a class=\"elementor-button elementor-button-link elementor-size-sm\" href=\"https:\/\/pipepc.com\/blog\/wp-content\/uploads\/2024\/08\/Material-de-Apoyo-y-cuadernillo-de-Trabajo-Dia-2.pdf\">\n\t\t\t\t\t\t<span class=\"elementor-button-content-wrapper\">\n\t\t\t\t\t\t<span class=\"elementor-button-icon\">\n\t\t\t\t<i aria-hidden=\"true\" class=\"fas fa-hand-point-left\"><\/i>\t\t\t<\/span>\n\t\t\t\t\t\t\t\t\t<span class=\"elementor-button-text\">Confirmo mi Participaci\u00f3n, Quiero el Material<\/span>\n\t\t\t\t\t<\/span>\n\t\t\t\t\t<\/a>\n\t\t\t\t<\/div>\n\t\t\t\t\t\t\t\t<\/div>\n\t\t\t\t<\/div>\n\t\t\t\t<\/div>\n\t\t\t\t\t<\/div>\n\t\t\t\t<\/div>\n\t\t\t\t\t<\/div>\n\t\t\t\t<\/div>\n\t\t\t\t<\/div>\n\t\t","protected":false},"excerpt":{"rendered":"<p>Clase 2 Descarga el material de apoyo y cuadernillo de tareas de la clase 2 Este Material es de uso exclusivo para los alumnos del Curso de Ceremonial y Protocolo Oficial del PIPEPC, no lo compartas con nadie. \u26a0\ufe0f Y s\u00f3lo descargalo si confirmas que vas a participar en la clase N\u00ba 2. \ud83d\udc47 Para [&hellip;]<\/p>\n","protected":false},"author":2,"featured_media":0,"parent":0,"menu_order":0,"comment_status":"closed","ping_status":"closed","template":"elementor_canvas","meta":{"_eb_attr":"","footnotes":""},"class_list":["post-15008","page","type-page","status-publish","hentry"],"_links":{"self":[{"href":"https:\/\/pipepc.com\/blog\/wp-json\/wp\/v2\/pages\/15008","targetHints":{"allow":["GET"]}}],"collection":[{"href":"https:\/\/pipepc.com\/blog\/wp-json\/wp\/v2\/pages"}],"about":[{"href":"https:\/\/pipepc.com\/blog\/wp-json\/wp\/v2\/types\/page"}],"author":[{"embeddable":true,"href":"https:\/\/pipepc.com\/blog\/wp-json\/wp\/v2\/users\/2"}],"replies":[{"embeddable":true,"href":"https:\/\/pipepc.com\/blog\/wp-json\/wp\/v2\/comments?post=15008"}],"version-history":[{"count":4,"href":"https:\/\/pipepc.com\/blog\/wp-json\/wp\/v2\/pages\/15008\/revisions"}],"predecessor-version":[{"id":15013,"href":"https:\/\/pipepc.com\/blog\/wp-json\/wp\/v2\/pages\/15008\/revisions\/15013"}],"wp:attachment":[{"href":"https:\/\/pipepc.com\/blog\/wp-json\/wp\/v2\/media?parent=15008"}],"curies":[{"name":"wp","href":"https:\/\/api.w.org\/{rel}","templated":true}]}}